{"id":21,"date":"2015-12-26T18:18:26","date_gmt":"2015-12-26T18:18:26","guid":{"rendered":"http:\/\/www.kletterechsen.de\/?page_id=21"},"modified":"2015-12-26T19:25:39","modified_gmt":"2015-12-26T19:25:39","slug":"21-2","status":"publish","type":"page","link":"https:\/\/www.kletterechsen.de\/?page_id=21","title":{"rendered":"Klettern &#038; P\u00e4dagogik"},"content":{"rendered":"<table border=\"0\" align=\"center\">\n<tbody>\n<tr>\n<td colspan=\"2\">\n<h3>Klettern &amp; P\u00e4dagogik<\/h3>\n<\/td>\n<\/tr>\n<tr>\n<td>\n<div><img loading=\"lazy\" decoding=\"async\" class=\"alignnone size-full wp-image-229\" src=\"https:\/\/www.kletterechsen.de\/wp-content\/uploads\/2015\/12\/abseilen.jpg\" alt=\"abseilen\" width=\"214\" height=\"400\" srcset=\"https:\/\/www.kletterechsen.de\/wp-content\/uploads\/2015\/12\/abseilen.jpg 214w, https:\/\/www.kletterechsen.de\/wp-content\/uploads\/2015\/12\/abseilen-161x300.jpg 161w\" sizes=\"auto, (max-width: 214px) 100vw, 214px\" \/>\u00a0<\/div>\n<div>Klettern: Vertrauen, Mut, umgehen<\/div>\n<div>k\u00f6nnen mit der Angst vor dem Misserfolg.<\/div>\n<\/td>\n<td>\n<div>Eine steile Wand, eine schwierige Route und das Gef\u00fchl: \u00abDas schaff ich nie!\u00bb Die Angst vor einem Misserfolg ist im Hinterkopf vieler Jugendlicher fest verankert. Man muss seinem zweiten Mann vertrauen, der einen sichert. Eine Situation, die herausfordert. All das findet sich im Sportklettern wieder. Es beinhaltet eine ganze Palette Pers\u00f6nlichkeitbildender und -st\u00e4rkender Faktoren: \u00dcberwindung, fehlendes Selbstvertrauen, Mut, Bezug zum eigenen K\u00f6rper, etc. Mit einer sanften Heranf\u00fchrung werden viele Berge bezwingbar oder zumindest nicht mehr ganz so furchterregend<\/div>\n<\/td>\n<\/tr>\n<\/tbody>\n<\/table>\n","protected":false},"excerpt":{"rendered":"<p>Klettern &amp; P\u00e4dagogik \u00a0 Klettern: Vertrauen, Mut, umgehen k\u00f6nnen mit der Angst vor dem Misserfolg. Eine steile Wand, eine schwierige Route und das Gef\u00fchl: \u00abDas schaff ich nie!\u00bb Die Angst vor einem Misserfolg ist im Hinterkopf vieler Jugendlicher fest verankert. Man muss seinem zweiten Mann vertrauen, der einen sichert. Eine Situation, die herausfordert. All das [&hellip;]<\/p>\n","protected":false},"author":1,"featured_media":0,"parent":0,"menu_order":0,"comment_status":"closed","ping_status":"closed","template":"","meta":{"footnotes":""},"class_list":["post-21","page","type-page","status-publish","hentry"],"_links":{"self":[{"href":"https:\/\/www.kletterechsen.de\/index.php?rest_route=\/wp\/v2\/pages\/21","targetHints":{"allow":["GET"]}}],"collection":[{"href":"https:\/\/www.kletterechsen.de\/index.php?rest_route=\/wp\/v2\/pages"}],"about":[{"href":"https:\/\/www.kletterechsen.de\/index.php?rest_route=\/wp\/v2\/types\/page"}],"author":[{"embeddable":true,"href":"https:\/\/www.kletterechsen.de\/index.php?rest_route=\/wp\/v2\/users\/1"}],"replies":[{"embeddable":true,"href":"https:\/\/www.kletterechsen.de\/index.php?rest_route=%2Fwp%2Fv2%2Fcomments&post=21"}],"version-history":[{"count":6,"href":"https:\/\/www.kletterechsen.de\/index.php?rest_route=\/wp\/v2\/pages\/21\/revisions"}],"predecessor-version":[{"id":233,"href":"https:\/\/www.kletterechsen.de\/index.php?rest_route=\/wp\/v2\/pages\/21\/revisions\/233"}],"wp:attachment":[{"href":"https:\/\/www.kletterechsen.de\/index.php?rest_route=%2Fwp%2Fv2%2Fmedia&parent=21"}],"curies":[{"name":"wp","href":"https:\/\/api.w.org\/{rel}","templated":true}]}}