{"id":219,"date":"2015-12-26T19:19:34","date_gmt":"2015-12-26T19:19:34","guid":{"rendered":"http:\/\/www.kletterechsen.de\/?page_id=219"},"modified":"2015-12-26T19:19:34","modified_gmt":"2015-12-26T19:19:34","slug":"kletterleistung","status":"publish","type":"page","link":"https:\/\/www.kletterechsen.de\/?page_id=219","title":{"rendered":"Kletterleistung"},"content":{"rendered":"<table align=\"center\">\n<tbody>\n<tr>\n<td>\n<h4>Kletterleistung<\/h4>\n<\/td>\n<\/tr>\n<tr>\n<td>\n<div>Um die Leistung einer durchkletterten Route besser beschreiben zu k\u00f6nnen, gibt es verschiedene Bezeichnungen<\/p>\n<\/div>\n<\/td>\n<\/tr>\n<tr>\n<td>\n<h4>On sight<\/h4>\n<\/td>\n<\/tr>\n<tr>\n<td>\n<div>On sight bedeutet, dass der Kletterer eine unbekannte Route im ersten Versuch sturzfrei und ohne h\u00e4ngen im Seil im Vorstieg durchstiegen hat. Dabei darf die Route nur von unten studiert werden (also nicht \u00fcber die Route abseilen und sich die Griffe einpr\u00e4gen!) und es darf auch kein anderer Kletterer vorher beim beklettern der Route beobachtet worden sein.<\/p>\n<\/div>\n<\/td>\n<\/tr>\n<tr>\n<td>\n<h4>Flash<\/h4>\n<\/td>\n<\/tr>\n<tr>\n<td>\n<div>Flash bedeutet, dass der Kletterer eine unbekannte Route im ersten Versuch sturzfrei und ohne h\u00e4ngen im Seil im Vorstieg durchstiegen hat, wobei er vorher die Route durch Abseilen studiert oder einen anderer Kletterer vorher beim Beklettern der Route beobachtet hat.<\/p>\n<\/div>\n<\/td>\n<\/tr>\n<tr>\n<td>\n<h4>Rotpunkt<\/h4>\n<\/td>\n<\/tr>\n<tr>\n<td>\n<div>Rotpunkt bedeutet, dass der Kletterer eine bekannte Route sturzfrei und ohne h\u00e4ngen im Seil im Vorstieg durchstiegen hat. Alle Zwischensicherungen werden w\u00e4hrend des Kletterns angebracht.<\/p>\n<\/div>\n<\/td>\n<\/tr>\n<tr>\n<td>\n<h4>Pinkpoint<\/h4>\n<\/td>\n<\/tr>\n<tr>\n<td>\n<div>Pinkpoint bedeutet, dass der Kletterer eine bekannte Route sturzfrei und ohne h\u00e4ngen im Seil im Vorstieg durchstiegen hat. Dabei sind eine oder mehrere Zwischensicherungen bereits vorbereitet (z. B. bereits eingeh\u00e4ngte Expressschlinge).<\/p>\n<\/div>\n<\/td>\n<\/tr>\n<tr>\n<td>\n<h4>Rotkreis<\/h4>\n<\/td>\n<\/tr>\n<tr>\n<td>\n<div>Rotkreis bedeutet, dass der Kletterer nach einem Sturz im Vorstieg das Seil in den Sicherungen bel\u00e4st und vom Boden aus neu startet und dann die Route durchsteigt.<\/p>\n<\/div>\n<\/td>\n<\/tr>\n<tr>\n<td>\n<h4>Rotkreuz<\/h4>\n<\/td>\n<\/tr>\n<tr>\n<td>\n<div>Rotkreuz bedeutet, dass der Kletterer eine Route sturzfrei und ohne h\u00e4ngen im Seil im Nachstieg durchstiegen hat.<\/p>\n<\/div>\n<\/td>\n<\/tr>\n<tr>\n<td>\n<h4>A. F. (absolutly free)<\/h4>\n<\/td>\n<\/tr>\n<tr>\n<td>\n<div>A. F. bedeutet, dass der Kletterer eine Route im Vorstieg durchstiegen hat, wobei er sich ein- oder mehrmals an den Zwischensicherungen ausgeruht hat.<\/div>\n<\/td>\n<\/tr>\n<\/tbody>\n<\/table>\n<table id=\"table1\" border=\"0\" width=\"100%\">\n<tbody>\n<tr>\n<td><\/td>\n<td><\/td>\n<\/tr>\n<\/tbody>\n<\/table>\n","protected":false},"excerpt":{"rendered":"<p>Kletterleistung Um die Leistung einer durchkletterten Route besser beschreiben zu k\u00f6nnen, gibt es verschiedene Bezeichnungen On sight On sight bedeutet, dass der Kletterer eine unbekannte Route im ersten Versuch sturzfrei und ohne h\u00e4ngen im Seil im Vorstieg durchstiegen hat. Dabei darf die Route nur von unten studiert werden (also nicht \u00fcber die Route abseilen und [&hellip;]<\/p>\n","protected":false},"author":1,"featured_media":0,"parent":0,"menu_order":0,"comment_status":"closed","ping_status":"closed","template":"","meta":{"footnotes":""},"class_list":["post-219","page","type-page","status-publish","hentry"],"_links":{"self":[{"href":"https:\/\/www.kletterechsen.de\/index.php?rest_route=\/wp\/v2\/pages\/219","targetHints":{"allow":["GET"]}}],"collection":[{"href":"https:\/\/www.kletterechsen.de\/index.php?rest_route=\/wp\/v2\/pages"}],"about":[{"href":"https:\/\/www.kletterechsen.de\/index.php?rest_route=\/wp\/v2\/types\/page"}],"author":[{"embeddable":true,"href":"https:\/\/www.kletterechsen.de\/index.php?rest_route=\/wp\/v2\/users\/1"}],"replies":[{"embeddable":true,"href":"https:\/\/www.kletterechsen.de\/index.php?rest_route=%2Fwp%2Fv2%2Fcomments&post=219"}],"version-history":[{"count":1,"href":"https:\/\/www.kletterechsen.de\/index.php?rest_route=\/wp\/v2\/pages\/219\/revisions"}],"predecessor-version":[{"id":220,"href":"https:\/\/www.kletterechsen.de\/index.php?rest_route=\/wp\/v2\/pages\/219\/revisions\/220"}],"wp:attachment":[{"href":"https:\/\/www.kletterechsen.de\/index.php?rest_route=%2Fwp%2Fv2%2Fmedia&parent=219"}],"curies":[{"name":"wp","href":"https:\/\/api.w.org\/{rel}","templated":true}]}}