{"id":25,"date":"2015-12-26T18:20:20","date_gmt":"2015-12-26T18:20:20","guid":{"rendered":"http:\/\/www.kletterechsen.de\/?page_id=25"},"modified":"2015-12-26T19:21:40","modified_gmt":"2015-12-26T19:21:40","slug":"allgemeine-infos","status":"publish","type":"page","link":"https:\/\/www.kletterechsen.de\/?page_id=25","title":{"rendered":"allgemeine Infos"},"content":{"rendered":"<table border=\"0\" cellspacing=\"2\" cellpadding=\"0\" align=\"center\">\n<tbody>\n<tr>\n<td>\n<h3>Allgemeines<\/h3>\n<\/td>\n<\/tr>\n<tr>\n<td>\n<hr \/>\n<\/td>\n<\/tr>\n<tr>\n<td>\n<h3>Ausr\u00fcstung<\/h3>\n<\/td>\n<\/tr>\n<tr>\n<td>\u00a0<\/td>\n<\/tr>\n<tr>\n<td>\n<div>Klettern ist ein Sport, bei dem die Ausr\u00fcstung eine entscheidende Rolle spielt. Die eigene Sicherheit h\u00e4ngt von der Qualit\u00e4t der Ausr\u00fcstung, ihrer richtigen Anwendung und Pflege ab.<\/div>\n<\/td>\n<\/tr>\n<tr>\n<td>\u00a0<\/td>\n<\/tr>\n<tr>\n<td>\n<h3>Gurt<\/h3>\n<\/td>\n<\/tr>\n<tr>\n<td>\n<div>Zum Sportklettern wird ein H\u00fcftsitzgurt verwendet, der etwa 50-70 Euro kostet. Gurte mit Polsterungen sind bequemer beim Sichern, Abseilen oder am Standplatz, aber meistens auch teurer.<\/div>\n<\/td>\n<\/tr>\n<tr>\n<td>\u00a0<\/td>\n<\/tr>\n<tr>\n<td>\n<div>Tipp! Unbedingt den Sitz des Gurtes durch eine H\u00e4ngeprobe beim Kauf pr\u00fcfen. Der H\u00fcftgurt sollte \u00fcber dem Beckenknochen liegen. An den Beinschlaufen sollte noch je eine Hand hineinpassen. Auf keinen Fall die Jeans anlassen, sondern eine enge Kletterhose anziehen. Man sollte beschwerdefrei im Gurt h\u00e4ngen k\u00f6nnen. Wichtig! Es gibt unterschiedliche Verschlusssysteme. Beim Gurt anlegen genau die Anweisungen des Herstellers befolgen.<\/div>\n<\/td>\n<\/tr>\n<tr>\n<td>\u00a0<\/td>\n<\/tr>\n<tr>\n<td>\n<h3>Kletterschuhe<\/h3>\n<\/td>\n<\/tr>\n<tr>\n<td>\n<div>Unverzichtbarer sind Kletterschuhe. Beim Kauf von Kletterschuhen sollten diese Punkte beachtet werden.<\/div>\n<\/td>\n<\/tr>\n<tr>\n<td>\n<ul>\n<li>\n<div>Es gibt vier verschiedene Ausf\u00fchrungen von Kletterschuhen auf dem Markt. Der Ballerina oder Slipper ist f\u00fcr Anf\u00e4nger zu weich, allerdings ist der Preis aufgrund der einfachen Bauweise attraktiv. Der geschn\u00fcrte Halbschuh mit fester Sohle sollte das Modell der Wahl sein &#8211; alternativ dazu gibt es den Velcro, bei dem statt der \u00fcblichen Schn\u00fcrsenkel Klettverschl\u00fcsse angebracht sind<\/div>\n<\/li>\n<\/ul>\n<\/td>\n<\/tr>\n<tr>\n<td>\n<ul>\n<li>\n<div>Kletterschuhe m\u00fcssen eng sitzen, da sich ansonsten die Schuhspitze wegbiegen kann und man nicht sicher auf kleinen Tritten steht. Zu enge Schuhe schmerzen allerdings bereits nach kurzer Zeit und sind beim Klettern hinderlich. In gut passenden Kletterschuhen sollten die Zehen leicht gebeugt sein und der Schuh sollte nicht dr\u00fccken.<\/div>\n<\/li>\n<\/ul>\n<\/td>\n<\/tr>\n<tr>\n<td>\u00a0<\/td>\n<\/tr>\n<tr>\n<td>\n<h3>Chalkbag<\/h3>\n<\/td>\n<\/tr>\n<tr>\n<td>\n<div>Ein Chalkbag ist ein kleiner Beutel, der am Gurt getragen wird. In ihm befindet sich Magnesia, dass den Schwei\u00df der Finger aufnimmt und so f\u00fcr einen besseren Griff sorgt. In den untersten Schwierigkeitsgraden ist dies nicht unbedingt notwendig. Beim Klettern schwieriger Routen wird Magnesia aber unerl\u00e4sslich.<\/div>\n<\/td>\n<\/tr>\n<tr>\n<td>\u00a0<\/td>\n<\/tr>\n<tr>\n<td>\n<h3>Seil<\/h3>\n<\/td>\n<\/tr>\n<tr>\n<td>\n<div>Auf der Verpackung eines Seils sind unter anderem die Angaben zu Durchmesser, L\u00e4nge, der Anzahl der gehaltenen Normst\u00fcrze, Gewicht und die H\u00f6he des Fangsto\u00dfes sowie Angaben zur Seildehnung bei Gebrauch. Neben Preis und L\u00e4nge ist ein wichtiges Kaufargument die Anzahl der gehaltenen Normst\u00fcrze. Nach UIAA Norm m\u00fcssen es mindestens f\u00fcnf sein. Eine Impr\u00e4gnierung als Schutz vor Feuchtigkeit und Schmutz ist f\u00fcr den Verwendungszweck Sportklettern nicht unbedingt erforderlich. Wichtiger ist eine L\u00e4nge von 60m oder mehr, damit man gefahrlos im Toprope klettern kann.\u00a0 <a href=\"https:\/\/www.kletterechsen.de\/alt\/index.php?content_id=130&amp;pos=%7C130&amp;p_u=79\" target=\"_self\">&gt;&gt; mehr Infos &gt;&gt;<\/a><\/div>\n<\/td>\n<\/tr>\n<tr>\n<td>\u00a0<\/td>\n<\/tr>\n<tr>\n<td>\n<h3>Karabiner<\/h3>\n<\/td>\n<\/tr>\n<tr>\n<td>\n<div>Ein Karabiner dient dazu das Seil oder anderes Schlingenmaterial mit Haken, Gurt usw. zu verbinden. Je nach Verwendungszweck unterscheidet man mehrere Arten von Karabinern. Normalkarabiner werden in der Regel mit einer kurzen Bandschlinge zu einer Expressschlinge arrangiert.<\/div>\n<\/td>\n<\/tr>\n<tr>\n<td>\u00a0<\/td>\n<\/tr>\n<tr>\n<td>\n<h3>Minimalausr\u00fcstung Klettern in der Halle<\/h3>\n<\/td>\n<\/tr>\n<tr>\n<td>\n<div>Gurt, Seil (wird in einigen Hallen gestellt), HMS-Karabiner, Kletterschuhe, Chalkbag<\/div>\n<\/td>\n<\/tr>\n<tr>\n<td>\u00a0<\/td>\n<\/tr>\n<tr>\n<td>\n<h3>Minimalausr\u00fcstung Klettern am Fels<\/h3>\n<\/td>\n<\/tr>\n<tr>\n<td>\n<div>Gurt, Seil, Expresschlingen, HMS-Karabiner, 2 Bandschlingen zur Selbstsicherung, Kletterschuhe, Chalkbag<\/div>\n<\/td>\n<\/tr>\n<\/tbody>\n<\/table>\n<table id=\"table1\" border=\"0\" width=\"100%\">\n<tbody>\n<tr>\n<td>\u00a0<\/td>\n<td>\u00a0<\/td>\n<\/tr>\n<\/tbody>\n<\/table>\n","protected":false},"excerpt":{"rendered":"<p>Allgemeines Ausr\u00fcstung \u00a0 Klettern ist ein Sport, bei dem die Ausr\u00fcstung eine entscheidende Rolle spielt. Die eigene Sicherheit h\u00e4ngt von der Qualit\u00e4t der Ausr\u00fcstung, ihrer richtigen Anwendung und Pflege ab. \u00a0 Gurt Zum Sportklettern wird ein H\u00fcftsitzgurt verwendet, der etwa 50-70 Euro kostet. Gurte mit Polsterungen sind bequemer beim Sichern, Abseilen oder am Standplatz, aber [&hellip;]<\/p>\n","protected":false},"author":1,"featured_media":0,"parent":0,"menu_order":0,"comment_status":"closed","ping_status":"closed","template":"","meta":{"footnotes":""},"class_list":["post-25","page","type-page","status-publish","hentry"],"_links":{"self":[{"href":"https:\/\/www.kletterechsen.de\/index.php?rest_route=\/wp\/v2\/pages\/25","targetHints":{"allow":["GET"]}}],"collection":[{"href":"https:\/\/www.kletterechsen.de\/index.php?rest_route=\/wp\/v2\/pages"}],"about":[{"href":"https:\/\/www.kletterechsen.de\/index.php?rest_route=\/wp\/v2\/types\/page"}],"author":[{"embeddable":true,"href":"https:\/\/www.kletterechsen.de\/index.php?rest_route=\/wp\/v2\/users\/1"}],"replies":[{"embeddable":true,"href":"https:\/\/www.kletterechsen.de\/index.php?rest_route=%2Fwp%2Fv2%2Fcomments&post=25"}],"version-history":[{"count":3,"href":"https:\/\/www.kletterechsen.de\/index.php?rest_route=\/wp\/v2\/pages\/25\/revisions"}],"predecessor-version":[{"id":224,"href":"https:\/\/www.kletterechsen.de\/index.php?rest_route=\/wp\/v2\/pages\/25\/revisions\/224"}],"wp:attachment":[{"href":"https:\/\/www.kletterechsen.de\/index.php?rest_route=%2Fwp%2Fv2%2Fmedia&parent=25"}],"curies":[{"name":"wp","href":"https:\/\/api.w.org\/{rel}","templated":true}]}}