{"id":268,"date":"2015-12-26T19:33:39","date_gmt":"2015-12-26T19:33:39","guid":{"rendered":"http:\/\/www.kletterechsen.de\/?page_id=268"},"modified":"2015-12-26T19:37:04","modified_gmt":"2015-12-26T19:37:04","slug":"achterknoten","status":"publish","type":"page","link":"https:\/\/www.kletterechsen.de\/?page_id=268","title":{"rendered":"Achterknoten"},"content":{"rendered":"<table id=\"table1\" border=\"0\" cellspacing=\"0\" align=\"center\">\n<tbody>\n<tr>\n<td class=\"titel1\" colspan=\"2\">\n<h3>Achterknoten<\/h3>\n<\/td>\n<\/tr>\n<\/tbody>\n<\/table>\n<div>\n<table id=\"table2\" border=\"0\" width=\"50\" cellspacing=\"0\" cellpadding=\"0\" align=\"center\">\n<tbody>\n<tr>\n<td>\n<table id=\"table3\" border=\"0\" width=\"50\" cellspacing=\"0\" cellpadding=\"2\" align=\"center\">\n<tbody>\n<tr>\n<td><img loading=\"lazy\" decoding=\"async\" class=\"alignnone size-full wp-image-266\" src=\"https:\/\/www.kletterechsen.de\/wp-content\/uploads\/2015\/12\/sackstich_00.jpg\" alt=\"sackstich_00\" width=\"300\" height=\"222\" \/><\/td>\n<\/tr>\n<\/tbody>\n<\/table>\n<\/td>\n<\/tr>\n<\/tbody>\n<\/table>\n<\/div>\n<table id=\"table4\" border=\"0\" align=\"center\">\n<tbody>\n<tr>\n<td>\n<div>Wird vor allem als Anseilknoten verwendet. Zieht sich bei Belastung nicht so fest wie der Sackstich und ist daher leichter wieder zu l\u00f6sen.<br \/>Die L\u00e4nge der freien Enden sollte mindestens den zehnfachen Seildurchmesser betragen. Richtwert: ungef\u00e4hr eine Handbreite.<\/div>\n<\/td>\n<\/tr>\n<tr>\n<td class=\"titel3\">\n<h4>gelegter Achter in Tropfenform<\/h4>\n<\/td>\n<\/tr>\n<\/tbody>\n<\/table>\n<div>\n<table id=\"table5\" border=\"0\" align=\"center\">\n<tbody>\n<tr>\n<td><img loading=\"lazy\" decoding=\"async\" class=\"alignnone size-full wp-image-271\" src=\"https:\/\/www.kletterechsen.de\/wp-content\/uploads\/2015\/12\/achter_01.jpg\" alt=\"achter_01\" width=\"200\" height=\"150\" \/><\/td>\n<td><img loading=\"lazy\" decoding=\"async\" class=\"alignnone size-full wp-image-272\" src=\"https:\/\/www.kletterechsen.de\/wp-content\/uploads\/2015\/12\/achter_02.jpg\" alt=\"achter_02\" width=\"200\" height=\"150\" \/><\/td>\n<td><img loading=\"lazy\" decoding=\"async\" class=\"alignnone size-full wp-image-273\" src=\"https:\/\/www.kletterechsen.de\/wp-content\/uploads\/2015\/12\/achter_03.jpg\" alt=\"achter_03\" width=\"200\" height=\"150\" \/><\/td>\n<\/tr>\n<tr>\n<td><img loading=\"lazy\" decoding=\"async\" class=\"alignnone size-full wp-image-274\" src=\"https:\/\/www.kletterechsen.de\/wp-content\/uploads\/2015\/12\/achter_04.jpg\" alt=\"achter_04\" width=\"200\" height=\"150\" \/><\/td>\n<td><img loading=\"lazy\" decoding=\"async\" class=\"alignnone size-full wp-image-275\" src=\"https:\/\/www.kletterechsen.de\/wp-content\/uploads\/2015\/12\/achter_05.jpg\" alt=\"achter_05\" width=\"200\" height=\"150\" \/><\/td>\n<td>\u00a0<\/td>\n<\/tr>\n<\/tbody>\n<\/table>\n<\/div>\n<p>&nbsp;<\/p>\n<table id=\"table6\" border=\"0\" align=\"center\">\n<tbody>\n<tr>\n<td class=\"titel3\" align=\"center\">\n<h4>gesteckter Achter in Tropfenform (Anseilknoten)<\/h4>\n<\/td>\n<\/tr>\n<\/tbody>\n<\/table>\n<div>\n<table id=\"table7\" border=\"0\" align=\"center\">\n<tbody>\n<tr>\n<td><img loading=\"lazy\" decoding=\"async\" class=\"alignnone size-full wp-image-276\" src=\"https:\/\/www.kletterechsen.de\/wp-content\/uploads\/2015\/12\/achter_06.jpg\" alt=\"achter_06\" width=\"200\" height=\"150\" \/><\/td>\n<td><img loading=\"lazy\" decoding=\"async\" class=\"alignnone size-full wp-image-277\" src=\"https:\/\/www.kletterechsen.de\/wp-content\/uploads\/2015\/12\/achter_07.jpg\" alt=\"achter_07\" width=\"200\" height=\"150\" \/><\/td>\n<td><img loading=\"lazy\" decoding=\"async\" class=\"alignnone size-full wp-image-278\" src=\"https:\/\/www.kletterechsen.de\/wp-content\/uploads\/2015\/12\/achter_08.jpg\" alt=\"achter_08\" width=\"200\" height=\"150\" \/><\/td>\n<\/tr>\n<tr>\n<td><img loading=\"lazy\" decoding=\"async\" class=\"alignnone size-full wp-image-279\" src=\"https:\/\/www.kletterechsen.de\/wp-content\/uploads\/2015\/12\/achter_09.jpg\" alt=\"achter_09\" width=\"200\" height=\"150\" \/><\/td>\n<td><img loading=\"lazy\" decoding=\"async\" class=\"alignnone size-full wp-image-280\" src=\"https:\/\/www.kletterechsen.de\/wp-content\/uploads\/2015\/12\/achter_10.jpg\" alt=\"achter_10\" width=\"200\" height=\"150\" \/><\/td>\n<td><img loading=\"lazy\" decoding=\"async\" class=\"alignnone size-full wp-image-281\" src=\"https:\/\/www.kletterechsen.de\/wp-content\/uploads\/2015\/12\/achter_11.jpg\" alt=\"achter_11\" width=\"200\" height=\"150\" \/><\/td>\n<\/tr>\n<tr>\n<td><img loading=\"lazy\" decoding=\"async\" class=\"alignnone size-full wp-image-282\" src=\"https:\/\/www.kletterechsen.de\/wp-content\/uploads\/2015\/12\/achter_12.jpg\" alt=\"achter_12\" width=\"200\" height=\"150\" \/><\/td>\n<td><img loading=\"lazy\" decoding=\"async\" class=\"alignnone size-full wp-image-283\" src=\"https:\/\/www.kletterechsen.de\/wp-content\/uploads\/2015\/12\/achter_13.jpg\" alt=\"achter_13\" width=\"200\" height=\"150\" \/><\/td>\n<td><img loading=\"lazy\" decoding=\"async\" class=\"alignnone size-full wp-image-284\" src=\"https:\/\/www.kletterechsen.de\/wp-content\/uploads\/2015\/12\/achter_14.jpg\" alt=\"achter_14\" width=\"200\" height=\"150\" \/><\/td>\n<\/tr>\n<\/tbody>\n<\/table>\n<\/div>\n<p>&nbsp;<\/p>\n","protected":false},"excerpt":{"rendered":"<p>Achterknoten Wird vor allem als Anseilknoten verwendet. Zieht sich bei Belastung nicht so fest wie der Sackstich und ist daher leichter wieder zu l\u00f6sen.Die L\u00e4nge der freien Enden sollte mindestens den zehnfachen Seildurchmesser betragen. Richtwert: ungef\u00e4hr eine Handbreite. gelegter Achter in Tropfenform \u00a0 &nbsp; gesteckter Achter in Tropfenform (Anseilknoten) &nbsp;<\/p>\n","protected":false},"author":1,"featured_media":0,"parent":0,"menu_order":0,"comment_status":"closed","ping_status":"closed","template":"","meta":{"footnotes":""},"class_list":["post-268","page","type-page","status-publish","hentry"],"_links":{"self":[{"href":"https:\/\/www.kletterechsen.de\/index.php?rest_route=\/wp\/v2\/pages\/268","targetHints":{"allow":["GET"]}}],"collection":[{"href":"https:\/\/www.kletterechsen.de\/index.php?rest_route=\/wp\/v2\/pages"}],"about":[{"href":"https:\/\/www.kletterechsen.de\/index.php?rest_route=\/wp\/v2\/types\/page"}],"author":[{"embeddable":true,"href":"https:\/\/www.kletterechsen.de\/index.php?rest_route=\/wp\/v2\/users\/1"}],"replies":[{"embeddable":true,"href":"https:\/\/www.kletterechsen.de\/index.php?rest_route=%2Fwp%2Fv2%2Fcomments&post=268"}],"version-history":[{"count":3,"href":"https:\/\/www.kletterechsen.de\/index.php?rest_route=\/wp\/v2\/pages\/268\/revisions"}],"predecessor-version":[{"id":285,"href":"https:\/\/www.kletterechsen.de\/index.php?rest_route=\/wp\/v2\/pages\/268\/revisions\/285"}],"wp:attachment":[{"href":"https:\/\/www.kletterechsen.de\/index.php?rest_route=%2Fwp%2Fv2%2Fmedia&parent=268"}],"curies":[{"name":"wp","href":"https:\/\/api.w.org\/{rel}","templated":true}]}}