{"id":287,"date":"2015-12-26T19:39:06","date_gmt":"2015-12-26T19:39:06","guid":{"rendered":"http:\/\/www.kletterechsen.de\/?page_id=287"},"modified":"2015-12-26T19:39:06","modified_gmt":"2015-12-26T19:39:06","slug":"bandschlingenknoten","status":"publish","type":"page","link":"https:\/\/www.kletterechsen.de\/?page_id=287","title":{"rendered":"Bandschlingenknoten"},"content":{"rendered":"<table id=\"table1\" border=\"0\" cellspacing=\"0\" align=\"center\">\n<tbody>\n<tr>\n<td class=\"titel1\">\n<h3>Bandschlingenknoten<\/h3>\n<\/td>\n<\/tr>\n<\/tbody>\n<\/table>\n<div>\n<table id=\"table2\" border=\"0\" width=\"50\" cellspacing=\"0\" cellpadding=\"0\" align=\"center\">\n<tbody>\n<tr>\n<td>\n<table id=\"table3\" border=\"0\" width=\"50\" cellspacing=\"0\" cellpadding=\"2\" align=\"center\">\n<tbody>\n<tr>\n<td><img loading=\"lazy\" decoding=\"async\" class=\"alignnone size-full wp-image-293\" src=\"https:\/\/www.kletterechsen.de\/wp-content\/uploads\/2015\/12\/band_06.jpg\" alt=\"band_06\" width=\"200\" height=\"150\" \/>\u00a0\u00a0\u00a0\u00a0 <\/td>\n<\/tr>\n<\/tbody>\n<\/table>\n<\/td>\n<\/tr>\n<\/tbody>\n<\/table>\n<\/div>\n<table id=\"table4\" border=\"0\" width=\"100%\" align=\"center\">\n<tbody>\n<tr>\n<td>\n<div>Der Bandschlingenknoten dient der Verbindung von Bandmaterial. Im Prinzip handelt es sich dabei um einen Sackstich in Ringform. Heutzutage ist es nicht mehr unbedingt \u00fcblich, seine Bandschlingen selbst zu knoten, da vern\u00e4hte Schlingen bessere Haltekr\u00e4fte aufweisen und praktischer in der Anwendung sind (keine losen Enden). F\u00fcr Sondergr\u00f6\u00dfen und in Klemmkeilen (z.B. Hexentric) kommt man gelegentlich aber doch in die Verlegenheit.<br \/>Die L\u00e4nge der freien Enden sollte mindestens die dreifache Bandbreite betragen.<\/div>\n<\/td>\n<\/tr>\n<tr>\n<td class=\"titel3\" align=\"center\">\n<h4>Bandschlingenknoten<\/h4>\n<\/td>\n<\/tr>\n<\/tbody>\n<\/table>\n<div>\n<table id=\"table5\" border=\"0\" align=\"center\">\n<tbody>\n<tr>\n<td><img loading=\"lazy\" decoding=\"async\" class=\"alignnone size-full wp-image-288\" src=\"https:\/\/www.kletterechsen.de\/wp-content\/uploads\/2015\/12\/band_01.jpg\" alt=\"band_01\" width=\"200\" height=\"150\" \/><\/td>\n<td><img loading=\"lazy\" decoding=\"async\" class=\"alignnone size-large wp-image-289\" src=\"https:\/\/www.kletterechsen.de\/wp-content\/uploads\/2015\/12\/band_02.jpg\" alt=\"band_02\" width=\"200\" height=\"150\" \/><\/td>\n<td><img loading=\"lazy\" decoding=\"async\" class=\"alignnone size-large wp-image-290\" src=\"https:\/\/www.kletterechsen.de\/wp-content\/uploads\/2015\/12\/band_03.jpg\" alt=\"band_03\" width=\"200\" height=\"150\" \/><\/td>\n<\/tr>\n<tr>\n<td><img loading=\"lazy\" decoding=\"async\" class=\"alignnone size-large wp-image-291\" src=\"https:\/\/www.kletterechsen.de\/wp-content\/uploads\/2015\/12\/band_04.jpg\" alt=\"band_04\" width=\"200\" height=\"150\" \/><\/td>\n<td><img loading=\"lazy\" decoding=\"async\" class=\"alignnone size-large wp-image-292\" src=\"https:\/\/www.kletterechsen.de\/wp-content\/uploads\/2015\/12\/band_05.jpg\" alt=\"band_05\" width=\"200\" height=\"150\" \/><\/td>\n<td><img loading=\"lazy\" decoding=\"async\" class=\"alignnone size-large wp-image-293\" src=\"https:\/\/www.kletterechsen.de\/wp-content\/uploads\/2015\/12\/band_06.jpg\" alt=\"band_06\" width=\"200\" height=\"150\" \/><\/td>\n<\/tr>\n<\/tbody>\n<\/table>\n<\/div>\n","protected":false},"excerpt":{"rendered":"<p>Bandschlingenknoten \u00a0\u00a0\u00a0\u00a0 Der Bandschlingenknoten dient der Verbindung von Bandmaterial. Im Prinzip handelt es sich dabei um einen Sackstich in Ringform. Heutzutage ist es nicht mehr unbedingt \u00fcblich, seine Bandschlingen selbst zu knoten, da vern\u00e4hte Schlingen bessere Haltekr\u00e4fte aufweisen und praktischer in der Anwendung sind (keine losen Enden). F\u00fcr Sondergr\u00f6\u00dfen und in Klemmkeilen (z.B. Hexentric) kommt [&hellip;]<\/p>\n","protected":false},"author":1,"featured_media":0,"parent":0,"menu_order":0,"comment_status":"closed","ping_status":"closed","template":"","meta":{"footnotes":""},"class_list":["post-287","page","type-page","status-publish","hentry"],"_links":{"self":[{"href":"https:\/\/www.kletterechsen.de\/index.php?rest_route=\/wp\/v2\/pages\/287","targetHints":{"allow":["GET"]}}],"collection":[{"href":"https:\/\/www.kletterechsen.de\/index.php?rest_route=\/wp\/v2\/pages"}],"about":[{"href":"https:\/\/www.kletterechsen.de\/index.php?rest_route=\/wp\/v2\/types\/page"}],"author":[{"embeddable":true,"href":"https:\/\/www.kletterechsen.de\/index.php?rest_route=\/wp\/v2\/users\/1"}],"replies":[{"embeddable":true,"href":"https:\/\/www.kletterechsen.de\/index.php?rest_route=%2Fwp%2Fv2%2Fcomments&post=287"}],"version-history":[{"count":1,"href":"https:\/\/www.kletterechsen.de\/index.php?rest_route=\/wp\/v2\/pages\/287\/revisions"}],"predecessor-version":[{"id":294,"href":"https:\/\/www.kletterechsen.de\/index.php?rest_route=\/wp\/v2\/pages\/287\/revisions\/294"}],"wp:attachment":[{"href":"https:\/\/www.kletterechsen.de\/index.php?rest_route=%2Fwp%2Fv2%2Fmedia&parent=287"}],"curies":[{"name":"wp","href":"https:\/\/api.w.org\/{rel}","templated":true}]}}