{"id":296,"date":"2015-12-26T21:16:08","date_gmt":"2015-12-26T21:16:08","guid":{"rendered":"http:\/\/www.kletterechsen.de\/?page_id=296"},"modified":"2015-12-26T21:16:08","modified_gmt":"2015-12-26T21:16:08","slug":"halbmastwurf","status":"publish","type":"page","link":"https:\/\/www.kletterechsen.de\/?page_id=296","title":{"rendered":"Halbmastwurf"},"content":{"rendered":"<table id=\"table1\" border=\"0\" cellspacing=\"0\" align=\"center\">\n<tbody>\n<tr>\n<td class=\"titel1\">\n<h3>Halbmastwurf<\/h3>\n<\/td>\n<\/tr>\n<\/tbody>\n<\/table>\n<p><img loading=\"lazy\" decoding=\"async\" class=\"alignnone size-full wp-image-263\" src=\"https:\/\/www.kletterechsen.de\/wp-content\/uploads\/2015\/12\/hms_00.jpg\" alt=\"hms_00\" width=\"300\" height=\"225\" \/>\u00a0\u00a0\u00a0\u00a0\u00a0<\/p>\n<table id=\"table4\" border=\"0\" align=\"center\">\n<tbody>\n<tr>\n<td>\n<div>Die wichtigste Sicherungsform. Universell anwendbar, mit Einschr\u00e4nkungen im Notfall auch zum Abseilen geeignet. Die Seile sollten parallel gef\u00fchrt werden um das Krangeln zu minimieren. Das Bremsseil sollte nicht \u00fcber den Verschlu\u00df des Karabiners laufen. Vorsicht bei Twistlock! Diese haben sich schon ungewollt ge\u00f6ffnet.<\/div>\n<\/td>\n<\/tr>\n<tr>\n<td class=\"titel3\" align=\"center\">\n<h4>Halbmastwurf &#8211; Legeart 1<\/h4>\n<\/td>\n<\/tr>\n<\/tbody>\n<\/table>\n<div>\n<table id=\"table5\" border=\"0\" align=\"center\">\n<tbody>\n<tr>\n<td><img loading=\"lazy\" decoding=\"async\" class=\"alignnone size-full wp-image-297\" src=\"https:\/\/www.kletterechsen.de\/wp-content\/uploads\/2015\/12\/hms_01.jpg\" alt=\"hms_01\" width=\"200\" height=\"150\" \/><\/td>\n<td><img loading=\"lazy\" decoding=\"async\" class=\"alignnone size-large wp-image-298\" src=\"https:\/\/www.kletterechsen.de\/wp-content\/uploads\/2015\/12\/hms_02.jpg\" alt=\"hms_02\" width=\"200\" height=\"150\" \/><\/td>\n<td><img loading=\"lazy\" decoding=\"async\" class=\"alignnone size-large wp-image-299\" src=\"https:\/\/www.kletterechsen.de\/wp-content\/uploads\/2015\/12\/hms_03.jpg\" alt=\"hms_03\" width=\"200\" height=\"150\" \/><\/td>\n<\/tr>\n<tr>\n<td><img loading=\"lazy\" decoding=\"async\" class=\"alignnone size-large wp-image-300\" src=\"https:\/\/www.kletterechsen.de\/wp-content\/uploads\/2015\/12\/hms_04.jpg\" alt=\"hms_04\" width=\"200\" height=\"150\" \/><\/td>\n<td><img loading=\"lazy\" decoding=\"async\" class=\"alignnone size-large wp-image-301\" src=\"https:\/\/www.kletterechsen.de\/wp-content\/uploads\/2015\/12\/hms_05.jpg\" alt=\"hms_05\" width=\"200\" height=\"150\" \/><\/td>\n<td>\u00a0<\/td>\n<\/tr>\n<\/tbody>\n<\/table>\n<\/div>\n<p>&nbsp;<\/p>\n<table id=\"table6\" border=\"0\" align=\"center\">\n<tbody>\n<tr>\n<td class=\"titel3\">\n<h4>Halbmastwurf &#8211; Legeart 2<\/h4>\n<\/td>\n<\/tr>\n<\/tbody>\n<\/table>\n<div>\n<table id=\"table7\" border=\"0\" align=\"center\">\n<tbody>\n<tr>\n<td><img loading=\"lazy\" decoding=\"async\" class=\"alignnone size-large wp-image-302\" src=\"https:\/\/www.kletterechsen.de\/wp-content\/uploads\/2015\/12\/hms_06.jpg\" alt=\"hms_06\" width=\"200\" height=\"150\" \/><\/td>\n<td><img loading=\"lazy\" decoding=\"async\" class=\"alignnone size-full wp-image-303\" src=\"https:\/\/www.kletterechsen.de\/wp-content\/uploads\/2015\/12\/hms_07.jpg\" alt=\"hms_07\" width=\"200\" height=\"150\" \/><\/td>\n<td><img loading=\"lazy\" decoding=\"async\" class=\"alignnone size-full wp-image-304\" src=\"https:\/\/www.kletterechsen.de\/wp-content\/uploads\/2015\/12\/hms_08.jpg\" alt=\"hms_08\" width=\"200\" height=\"150\" \/><\/td>\n<\/tr>\n<tr>\n<td><img loading=\"lazy\" decoding=\"async\" class=\"alignnone size-full wp-image-305\" src=\"https:\/\/www.kletterechsen.de\/wp-content\/uploads\/2015\/12\/hms_09.jpg\" alt=\"hms_09\" width=\"200\" height=\"150\" \/><\/td>\n<td><img loading=\"lazy\" decoding=\"async\" class=\"alignnone size-full wp-image-306\" src=\"https:\/\/www.kletterechsen.de\/wp-content\/uploads\/2015\/12\/hms_10.jpg\" alt=\"hms_10\" width=\"200\" height=\"150\" \/><\/td>\n<td>\u00a0<\/td>\n<\/tr>\n<\/tbody>\n<\/table>\n<\/div>\n","protected":false},"excerpt":{"rendered":"<p>Halbmastwurf \u00a0\u00a0\u00a0\u00a0\u00a0 Die wichtigste Sicherungsform. Universell anwendbar, mit Einschr\u00e4nkungen im Notfall auch zum Abseilen geeignet. Die Seile sollten parallel gef\u00fchrt werden um das Krangeln zu minimieren. Das Bremsseil sollte nicht \u00fcber den Verschlu\u00df des Karabiners laufen. Vorsicht bei Twistlock! Diese haben sich schon ungewollt ge\u00f6ffnet. Halbmastwurf &#8211; Legeart 1 \u00a0 &nbsp; Halbmastwurf &#8211; Legeart 2 [&hellip;]<\/p>\n","protected":false},"author":1,"featured_media":0,"parent":0,"menu_order":0,"comment_status":"closed","ping_status":"closed","template":"","meta":{"footnotes":""},"class_list":["post-296","page","type-page","status-publish","hentry"],"_links":{"self":[{"href":"https:\/\/www.kletterechsen.de\/index.php?rest_route=\/wp\/v2\/pages\/296","targetHints":{"allow":["GET"]}}],"collection":[{"href":"https:\/\/www.kletterechsen.de\/index.php?rest_route=\/wp\/v2\/pages"}],"about":[{"href":"https:\/\/www.kletterechsen.de\/index.php?rest_route=\/wp\/v2\/types\/page"}],"author":[{"embeddable":true,"href":"https:\/\/www.kletterechsen.de\/index.php?rest_route=\/wp\/v2\/users\/1"}],"replies":[{"embeddable":true,"href":"https:\/\/www.kletterechsen.de\/index.php?rest_route=%2Fwp%2Fv2%2Fcomments&post=296"}],"version-history":[{"count":1,"href":"https:\/\/www.kletterechsen.de\/index.php?rest_route=\/wp\/v2\/pages\/296\/revisions"}],"predecessor-version":[{"id":307,"href":"https:\/\/www.kletterechsen.de\/index.php?rest_route=\/wp\/v2\/pages\/296\/revisions\/307"}],"wp:attachment":[{"href":"https:\/\/www.kletterechsen.de\/index.php?rest_route=%2Fwp%2Fv2%2Fmedia&parent=296"}],"curies":[{"name":"wp","href":"https:\/\/api.w.org\/{rel}","templated":true}]}}