{"id":309,"date":"2015-12-26T21:20:19","date_gmt":"2015-12-26T21:20:19","guid":{"rendered":"http:\/\/www.kletterechsen.de\/?page_id=309"},"modified":"2015-12-26T21:20:19","modified_gmt":"2015-12-26T21:20:19","slug":"mastwurf","status":"publish","type":"page","link":"https:\/\/www.kletterechsen.de\/?page_id=309","title":{"rendered":"Mastwurf"},"content":{"rendered":"<table id=\"table1\" border=\"0\" cellspacing=\"0\" align=\"center\">\n<tbody>\n<tr>\n<td class=\"titel1\">\n<h3>Mastwurf<\/h3>\n<\/td>\n<\/tr>\n<\/tbody>\n<\/table>\n<p><img loading=\"lazy\" decoding=\"async\" class=\"alignnone size-full wp-image-264\" src=\"https:\/\/www.kletterechsen.de\/wp-content\/uploads\/2015\/12\/mastwurf_00.jpg\" alt=\"mastwurf_00\" width=\"300\" height=\"225\" \/>\u00a0\u00a0\u00a0\u00a0\u00a0\u00a0\u00a0\u00a0\u00a0\u00a0\u00a0<\/p>\n<table id=\"table4\" border=\"0\" align=\"center\">\n<tbody>\n<tr>\n<td>\n<div>Ideal, wenn etwas festgebunden werden mu\u00df. Die Position l\u00e4sst sich leicht ver\u00e4ndern ohne den Knoten l\u00f6sen zu m\u00fcssen. Auch nach Belastung wieder leicht zu l\u00f6sen.<br \/>Ideal als Standplatzknoten und f\u00fcr Seilgel\u00e4nder.<\/div>\n<\/td>\n<\/tr>\n<tr>\n<td class=\"titel3\">\n<h4>Mastwurf &#8211; Legeart 1<\/h4>\n<\/td>\n<\/tr>\n<\/tbody>\n<\/table>\n<div>\n<table id=\"table5\" border=\"0\" align=\"center\">\n<tbody>\n<tr>\n<td><img loading=\"lazy\" decoding=\"async\" class=\"alignnone size-large wp-image-310\" src=\"https:\/\/www.kletterechsen.de\/wp-content\/uploads\/2015\/12\/mastwurf_01.jpg\" alt=\"mastwurf_01\" width=\"200\" height=\"150\" \/><\/td>\n<td><img loading=\"lazy\" decoding=\"async\" class=\"alignnone size-large wp-image-311\" src=\"https:\/\/www.kletterechsen.de\/wp-content\/uploads\/2015\/12\/mastwurf_02.jpg\" alt=\"mastwurf_02\" width=\"200\" height=\"150\" \/><\/td>\n<td><img loading=\"lazy\" decoding=\"async\" class=\"alignnone size-large wp-image-312\" src=\"https:\/\/www.kletterechsen.de\/wp-content\/uploads\/2015\/12\/mastwurf_03.jpg\" alt=\"mastwurf_03\" width=\"200\" height=\"150\" \/><\/td>\n<\/tr>\n<tr>\n<td><img loading=\"lazy\" decoding=\"async\" class=\"alignnone size-large wp-image-313\" src=\"https:\/\/www.kletterechsen.de\/wp-content\/uploads\/2015\/12\/mastwurf_04.jpg\" alt=\"mastwurf_04\" width=\"200\" height=\"150\" \/><\/td>\n<td><img loading=\"lazy\" decoding=\"async\" class=\"alignnone size-large wp-image-314\" src=\"https:\/\/www.kletterechsen.de\/wp-content\/uploads\/2015\/12\/mastwurf_05.jpg\" alt=\"mastwurf_05\" width=\"200\" height=\"150\" \/><\/td>\n<td><img loading=\"lazy\" decoding=\"async\" class=\"alignnone size-large wp-image-315\" src=\"https:\/\/www.kletterechsen.de\/wp-content\/uploads\/2015\/12\/mastwurf_06.jpg\" alt=\"mastwurf_06\" width=\"200\" height=\"150\" \/><\/td>\n<\/tr>\n<\/tbody>\n<\/table>\n<\/div>\n<p>&nbsp;<\/p>\n<table id=\"table6\" border=\"0\" align=\"center\">\n<tbody>\n<tr>\n<td class=\"titel3\">\n<h4>Mastwurf &#8211; Legeart 2 (auch einh\u00e4ndig)<\/h4>\n<\/td>\n<\/tr>\n<\/tbody>\n<\/table>\n<div>\n<table id=\"table7\" border=\"0\" align=\"center\">\n<tbody>\n<tr>\n<td>\n<h4><img loading=\"lazy\" decoding=\"async\" class=\"alignnone size-large wp-image-316\" src=\"https:\/\/www.kletterechsen.de\/wp-content\/uploads\/2015\/12\/mastwurf_07.jpg\" alt=\"mastwurf_07\" width=\"200\" height=\"150\" \/><\/h4>\n<\/td>\n<td><img loading=\"lazy\" decoding=\"async\" class=\"alignnone size-large wp-image-317\" src=\"https:\/\/www.kletterechsen.de\/wp-content\/uploads\/2015\/12\/mastwurf_08.jpg\" alt=\"mastwurf_08\" width=\"200\" height=\"150\" \/><\/td>\n<td>\n<h4><img loading=\"lazy\" decoding=\"async\" class=\"alignnone size-large wp-image-318\" src=\"https:\/\/www.kletterechsen.de\/wp-content\/uploads\/2015\/12\/mastwurf_09.jpg\" alt=\"mastwurf_09\" width=\"200\" height=\"150\" \/><\/h4>\n<\/td>\n<\/tr>\n<tr>\n<td><img loading=\"lazy\" decoding=\"async\" class=\"alignnone size-large wp-image-319\" src=\"https:\/\/www.kletterechsen.de\/wp-content\/uploads\/2015\/12\/mastwurf_10.jpg\" alt=\"mastwurf_10\" width=\"200\" height=\"150\" \/><\/td>\n<td><img loading=\"lazy\" decoding=\"async\" class=\"alignnone size-large wp-image-320\" src=\"https:\/\/www.kletterechsen.de\/wp-content\/uploads\/2015\/12\/mastwurf_11.jpg\" alt=\"mastwurf_11\" width=\"200\" height=\"150\" \/><\/td>\n<td>\u00a0<\/td>\n<\/tr>\n<\/tbody>\n<\/table>\n<\/div>\n","protected":false},"excerpt":{"rendered":"<p>Mastwurf \u00a0\u00a0\u00a0\u00a0\u00a0\u00a0\u00a0\u00a0\u00a0\u00a0\u00a0 Ideal, wenn etwas festgebunden werden mu\u00df. Die Position l\u00e4sst sich leicht ver\u00e4ndern ohne den Knoten l\u00f6sen zu m\u00fcssen. Auch nach Belastung wieder leicht zu l\u00f6sen.Ideal als Standplatzknoten und f\u00fcr Seilgel\u00e4nder. Mastwurf &#8211; Legeart 1 &nbsp; Mastwurf &#8211; Legeart 2 (auch einh\u00e4ndig) \u00a0<\/p>\n","protected":false},"author":1,"featured_media":0,"parent":0,"menu_order":0,"comment_status":"closed","ping_status":"closed","template":"","meta":{"footnotes":""},"class_list":["post-309","page","type-page","status-publish","hentry"],"_links":{"self":[{"href":"https:\/\/www.kletterechsen.de\/index.php?rest_route=\/wp\/v2\/pages\/309","targetHints":{"allow":["GET"]}}],"collection":[{"href":"https:\/\/www.kletterechsen.de\/index.php?rest_route=\/wp\/v2\/pages"}],"about":[{"href":"https:\/\/www.kletterechsen.de\/index.php?rest_route=\/wp\/v2\/types\/page"}],"author":[{"embeddable":true,"href":"https:\/\/www.kletterechsen.de\/index.php?rest_route=\/wp\/v2\/users\/1"}],"replies":[{"embeddable":true,"href":"https:\/\/www.kletterechsen.de\/index.php?rest_route=%2Fwp%2Fv2%2Fcomments&post=309"}],"version-history":[{"count":1,"href":"https:\/\/www.kletterechsen.de\/index.php?rest_route=\/wp\/v2\/pages\/309\/revisions"}],"predecessor-version":[{"id":321,"href":"https:\/\/www.kletterechsen.de\/index.php?rest_route=\/wp\/v2\/pages\/309\/revisions\/321"}],"wp:attachment":[{"href":"https:\/\/www.kletterechsen.de\/index.php?rest_route=%2Fwp%2Fv2%2Fmedia&parent=309"}],"curies":[{"name":"wp","href":"https:\/\/api.w.org\/{rel}","templated":true}]}}