{"id":486,"date":"2015-12-26T21:39:09","date_gmt":"2015-12-26T21:39:09","guid":{"rendered":"http:\/\/www.kletterechsen.de\/?page_id=486"},"modified":"2015-12-26T21:39:42","modified_gmt":"2015-12-26T21:39:42","slug":"koerpersicherung","status":"publish","type":"page","link":"https:\/\/www.kletterechsen.de\/?page_id=486","title":{"rendered":"K\u00f6rpersicherung"},"content":{"rendered":"<table id=\"table10\" border=\"0\" cellspacing=\"0\" align=\"center\">\n<tbody>\n<tr>\n<td class=\"titel1\">\n<h3>K\u00f6rpersicherung<\/h3>\n<\/td>\n<\/tr>\n<tr>\n<td class=\"nav\">\n<p align=\"justify\">Wichtige Knoten f\u00fcr&#8217;s Bergsteigen und Klettern. Die Knoten auf den Bildern sind nur locker gelegt, damit man sie besser erkennen kann. Vor Gebrauch m\u00fcssen sie an allen Enden festgezogen werden!<\/p>\n<\/td>\n<\/tr>\n<\/tbody>\n<\/table>\n<div>\u00a0<\/div>\n<table id=\"table11\" border=\"0\" align=\"center\">\n<tbody>\n<tr>\n<td class=\"titel2\">\n<h4>K\u00f6rpersicherung mit HMS<\/h4>\n<\/td>\n<\/tr>\n<\/tbody>\n<\/table>\n<table id=\"table12\" border=\"0\" align=\"center\">\n<tbody>\n<tr>\n<td rowspan=\"2\">\n<table id=\"table13\" border=\"0\" width=\"50\" cellspacing=\"0\" cellpadding=\"0\">\n<tbody>\n<tr>\n<td>\n<table id=\"table14\" border=\"0\" width=\"50\" cellspacing=\"0\" cellpadding=\"2\" align=\"center\">\n<tbody>\n<tr>\n<td><img loading=\"lazy\" decoding=\"async\" class=\"alignnone size-full wp-image-487\" src=\"https:\/\/www.kletterechsen.de\/wp-content\/uploads\/2015\/12\/sicherung_2_01.jpg\" alt=\"sicherung_2_01\" width=\"250\" height=\"250\" srcset=\"https:\/\/www.kletterechsen.de\/wp-content\/uploads\/2015\/12\/sicherung_2_01.jpg 250w, https:\/\/www.kletterechsen.de\/wp-content\/uploads\/2015\/12\/sicherung_2_01-150x150.jpg 150w\" sizes=\"auto, (max-width: 250px) 100vw, 250px\" \/><\/td>\n<\/tr>\n<\/tbody>\n<\/table>\n<\/td>\n<\/tr>\n<\/tbody>\n<\/table>\n<\/td>\n<td valign=\"top\">\n<div>Die Halbmastwurfsicherung (HMS) ist die universellste Sicherungsmethode. Sie kann sowohl bei K\u00f6rper- als auch bei Standplatzsicherung angewendet werden und eignet sich f\u00fcr den Vor- und Nachstieg sowie zum Topropeklettern. Im Notfall kann man mit ihr auch abseilen. Daher sollte sie von jedem Kletterer beherrscht werden.<br \/>Dem stehen als Nachteile die h\u00f6here Krangelbildung, das langsamere Seilausgeben und der h\u00f6here Seilverschlei\u00df (Reibung Seil auf Seil) entgegen.<\/div>\n<\/td>\n<\/tr>\n<tr>\n<td valign=\"bottom\">\u00a0<\/td>\n<\/tr>\n<\/tbody>\n<\/table>\n<p>&nbsp;<\/p>\n<table id=\"table15\" border=\"0\" align=\"center\">\n<tbody>\n<tr>\n<td class=\"titel2\">\n<h4>K\u00f6rpersicherung mit Achter<\/h4>\n<\/td>\n<\/tr>\n<\/tbody>\n<\/table>\n<table id=\"table16\" border=\"0\" align=\"center\">\n<tbody>\n<tr>\n<td rowspan=\"2\"><img loading=\"lazy\" decoding=\"async\" class=\"alignnone size-full wp-image-488\" src=\"https:\/\/www.kletterechsen.de\/wp-content\/uploads\/2015\/12\/sicherung_3_00.jpg\" alt=\"sicherung_3_00\" width=\"300\" height=\"394\" srcset=\"https:\/\/www.kletterechsen.de\/wp-content\/uploads\/2015\/12\/sicherung_3_00.jpg 300w, https:\/\/www.kletterechsen.de\/wp-content\/uploads\/2015\/12\/sicherung_3_00-228x300.jpg 228w\" sizes=\"auto, (max-width: 300px) 100vw, 300px\" \/><\/td>\n<td valign=\"top\">\n<div>Der (Abseil)-Achter ist im Sportkletterbereich eines der beliebtesten Sicherungsger\u00e4te und hat die HMS dort fast vollst\u00e4ndig verdr\u00e4ngt. Von Vorteil ist die schonende Seilf\u00fchrung, da nicht, wie bei der HMS Seil auf Seil l\u00e4uft. Er erm\u00f6glicht ein schnelles Einziehen und Ausgeben des Seils und hat eine geringe Krangelneigung. Nachteilig ist unter Umst\u00e4nden die geringere Bremswirkung, was sich aber nur bei sehr schweren Personen oder bei neuen, glatten Seilen bemerkbar macht.<br \/>\u00a0<\/div>\n<\/td>\n<\/tr>\n<tr>\n<td valign=\"bottom\">\u00a0<\/td>\n<\/tr>\n<\/tbody>\n<\/table>\n","protected":false},"excerpt":{"rendered":"<p>K\u00f6rpersicherung Wichtige Knoten f\u00fcr&#8217;s Bergsteigen und Klettern. Die Knoten auf den Bildern sind nur locker gelegt, damit man sie besser erkennen kann. Vor Gebrauch m\u00fcssen sie an allen Enden festgezogen werden! \u00a0 K\u00f6rpersicherung mit HMS Die Halbmastwurfsicherung (HMS) ist die universellste Sicherungsmethode. Sie kann sowohl bei K\u00f6rper- als auch bei Standplatzsicherung angewendet werden und eignet [&hellip;]<\/p>\n","protected":false},"author":1,"featured_media":0,"parent":0,"menu_order":0,"comment_status":"closed","ping_status":"closed","template":"","meta":{"footnotes":""},"class_list":["post-486","page","type-page","status-publish","hentry"],"_links":{"self":[{"href":"https:\/\/www.kletterechsen.de\/index.php?rest_route=\/wp\/v2\/pages\/486","targetHints":{"allow":["GET"]}}],"collection":[{"href":"https:\/\/www.kletterechsen.de\/index.php?rest_route=\/wp\/v2\/pages"}],"about":[{"href":"https:\/\/www.kletterechsen.de\/index.php?rest_route=\/wp\/v2\/types\/page"}],"author":[{"embeddable":true,"href":"https:\/\/www.kletterechsen.de\/index.php?rest_route=\/wp\/v2\/users\/1"}],"replies":[{"embeddable":true,"href":"https:\/\/www.kletterechsen.de\/index.php?rest_route=%2Fwp%2Fv2%2Fcomments&post=486"}],"version-history":[{"count":1,"href":"https:\/\/www.kletterechsen.de\/index.php?rest_route=\/wp\/v2\/pages\/486\/revisions"}],"predecessor-version":[{"id":489,"href":"https:\/\/www.kletterechsen.de\/index.php?rest_route=\/wp\/v2\/pages\/486\/revisions\/489"}],"wp:attachment":[{"href":"https:\/\/www.kletterechsen.de\/index.php?rest_route=%2Fwp%2Fv2%2Fmedia&parent=486"}],"curies":[{"name":"wp","href":"https:\/\/api.w.org\/{rel}","templated":true}]}}